{"id":22,"date":"2018-05-23T16:18:04","date_gmt":"2018-05-23T14:18:04","guid":{"rendered":"http:\/\/clemensweins.de\/?page_id=22"},"modified":"2022-07-29T14:00:46","modified_gmt":"2022-07-29T12:00:46","slug":"talks","status":"publish","type":"page","link":"http:\/\/clemensweins.de\/index.php\/talks\/","title":{"rendered":"Talks"},"content":{"rendered":"\n<figure class=\"wp-block-embed is-type-rich is-provider-handler-einbetten wp-block-embed-handler-einbetten wp-embed-aspect-16-9 wp-has-aspect-ratio\"><div class=\"wp-block-embed__wrapper\">\n<iframe loading=\"lazy\" title=\"brennstoff Podcast: Customer Centricity geht nicht ohne eine Cloud\" width=\"640\" height=\"360\" src=\"https:\/\/www.youtube.com\/embed\/eOflE4kPuzs?feature=oembed\" frameborder=\"0\" allow=\"accelerometer; autoplay; clipboard-write; encrypted-media; gyroscope; picture-in-picture\" allowfullscreen><\/iframe>\n<\/div><\/figure>\n\n\n\n<figure class=\"wp-block-embed is-type-rich is-provider-handler-einbetten wp-block-embed-handler-einbetten wp-embed-aspect-16-9 wp-has-aspect-ratio\"><div class=\"wp-block-embed__wrapper\">\n<iframe loading=\"lazy\" title=\"brennstoff Podcast: We live in a society, not an economy!\" width=\"640\" height=\"360\" src=\"https:\/\/www.youtube.com\/embed\/WTIndtFXths?feature=oembed\" frameborder=\"0\" allow=\"accelerometer; autoplay; clipboard-write; encrypted-media; gyroscope; picture-in-picture\" allowfullscreen><\/iframe>\n<\/div><\/figure>\n\n\n\n<figure class=\"wp-block-embed is-type-rich is-provider-handler-einbetten wp-block-embed-handler-einbetten wp-embed-aspect-16-9 wp-has-aspect-ratio\"><div class=\"wp-block-embed__wrapper\">\n<iframe loading=\"lazy\" title=\"brennstoff Podcast: Digital Bubble - Versprechen vs. Realit\u00e4t\" width=\"640\" height=\"360\" src=\"https:\/\/www.youtube.com\/embed\/LTuOAl55JFM?feature=oembed\" frameborder=\"0\" allow=\"accelerometer; autoplay; clipboard-write; encrypted-media; gyroscope; picture-in-picture\" allowfullscreen><\/iframe>\n<\/div><\/figure>\n\n\n\n<figure class=\"wp-block-embed is-type-video is-provider-youtube wp-block-embed-youtube wp-embed-aspect-16-9 wp-has-aspect-ratio\"><div class=\"wp-block-embed__wrapper\">\n<iframe loading=\"lazy\" title=\"UX neu \u00fcberdacht - Clemens Weins \u00fcber Bullshit-Bingo in UX, CX &amp; IT, philosophischer als \u00fcblich\" width=\"640\" height=\"360\" src=\"https:\/\/www.youtube.com\/embed\/ZIBsAA8TlbY?start=2&#038;feature=oembed\" frameborder=\"0\" allow=\"accelerometer; autoplay; clipboard-write; encrypted-media; gyroscope; picture-in-picture\" allowfullscreen><\/iframe>\n<\/div><\/figure>\n\n\n<p><iframe loading=\"lazy\" title=\"Accountmanagement neu denken - als Platform - Clemens Weins | UX-DAY KONFERENZ 2019\" width=\"640\" height=\"360\" src=\"https:\/\/www.youtube.com\/embed\/V4-9C-Axk74?feature=oembed\" frameborder=\"0\" allow=\"accelerometer; autoplay; clipboard-write; encrypted-media; gyroscope; picture-in-picture\" allowfullscreen><\/iframe><\/p>\n<p><iframe loading=\"lazy\" title=\"code.talks commerce 2018 - ChatBot war gestern, Conversational Commerce ist heute\" width=\"640\" height=\"360\" src=\"https:\/\/www.youtube.com\/embed\/kPdwNj1RdJE?feature=oembed\" frameborder=\"0\" allow=\"accelerometer; autoplay; clipboard-write; encrypted-media; gyroscope; picture-in-picture\" allowfullscreen><\/iframe><\/p>\n<p><iframe loading=\"lazy\" title=\"ChatBot war gestern. \u2013 Clemens Weins | UX-DAY KONFERENZ 2017\" width=\"640\" height=\"360\" src=\"https:\/\/www.youtube.com\/embed\/AHk2aODHdlY?start=817&#038;feature=oembed\" frameborder=\"0\" allow=\"accelerometer; autoplay; clipboard-write; encrypted-media; gyroscope; picture-in-picture\" allowfullscreen><\/iframe><\/p>\n\n\n<figure class=\"wp-block-embed is-type-video is-provider-youtube wp-block-embed-youtube wp-embed-aspect-16-9 wp-has-aspect-ratio\"><div class=\"wp-block-embed__wrapper\">\n<iframe loading=\"lazy\" title=\"\u25b6\ufe0f CISION Webinar: Podcasts in der PR | Tipps f\u00fcr Unternehmenspodcasts \ud83c\udfa7\" width=\"640\" height=\"360\" src=\"https:\/\/www.youtube.com\/embed\/HnMDRak6A8s?feature=oembed\" frameborder=\"0\" allow=\"accelerometer; autoplay; clipboard-write; encrypted-media; gyroscope; picture-in-picture\" allowfullscreen><\/iframe>\n<\/div><\/figure>\n\n\n\n<figure class=\"wp-block-embed is-type-video is-provider-youtube wp-block-embed-youtube wp-embed-aspect-16-9 wp-has-aspect-ratio\"><div class=\"wp-block-embed__wrapper\">\n<iframe loading=\"lazy\" title=\"Fehler gemacht: Conversational UI ist nicht so einfach! - Clemens Weins | UX-DAY Online Training\" width=\"640\" height=\"360\" src=\"https:\/\/www.youtube.com\/embed\/TauHinkgTUA?feature=oembed\" frameborder=\"0\" allow=\"accelerometer; autoplay; clipboard-write; encrypted-media; gyroscope; picture-in-picture\" allowfullscreen><\/iframe>\n<\/div><\/figure>\n","protected":false},"excerpt":{"rendered":"","protected":false},"author":1,"featured_media":0,"parent":0,"menu_order":0,"comment_status":"closed","ping_status":"closed","template":"","meta":[],"_links":{"self":[{"href":"http:\/\/clemensweins.de\/index.php\/wp-json\/wp\/v2\/pages\/22"}],"collection":[{"href":"http:\/\/clemensweins.de\/index.php\/wp-json\/wp\/v2\/pages"}],"about":[{"href":"http:\/\/clemensweins.de\/index.php\/wp-json\/wp\/v2\/types\/page"}],"author":[{"embeddable":true,"href":"http:\/\/clemensweins.de\/index.php\/wp-json\/wp\/v2\/users\/1"}],"replies":[{"embeddable":true,"href":"http:\/\/clemensweins.de\/index.php\/wp-json\/wp\/v2\/comments?post=22"}],"version-history":[{"count":7,"href":"http:\/\/clemensweins.de\/index.php\/wp-json\/wp\/v2\/pages\/22\/revisions"}],"predecessor-version":[{"id":196,"href":"http:\/\/clemensweins.de\/index.php\/wp-json\/wp\/v2\/pages\/22\/revisions\/196"}],"wp:attachment":[{"href":"http:\/\/clemensweins.de\/index.php\/wp-json\/wp\/v2\/media?parent=22"}],"curies":[{"name":"wp","href":"https:\/\/api.w.org\/{rel}","templated":true}]}}